{"id":160,"date":"2025-07-15T15:43:01","date_gmt":"2025-07-15T13:43:01","guid":{"rendered":"http:\/\/uczapy.sopchydev1.com\/?page_id=160"},"modified":"2025-07-15T15:44:10","modified_gmt":"2025-07-15T13:44:10","slug":"piknik","status":"publish","type":"page","link":"https:\/\/uczapy.sopchydev1.com\/index.php\/piknik\/","title":{"rendered":"Piknik"},"content":{"rendered":"\n<div class=\"wp-block-group alignwide is-layout-flow wp-block-group-is-layout-flow\">\n<div class=\"orderable-main  orderable-main--sections-tabs orderable-main--sections-top_tabs\">\n\t\n<div class=\"orderable-main__tabs orderable-tabs\" data-orderable-tabs='{ \"wrapper\": \".orderable-main\", \"sections\": \".orderable-main__group\" }'>\n\t<ul class=\"orderable-tabs__list\">\n\t\t\t\t\t\t\t<li class=\"orderable-tabs__item orderable-tabs__item--active\" role=\"tab\">\n\t\t\t\t<a href=\"#category-piknik\" class=\"orderable-tabs__link\">Piknik<\/a>\n\t\t\t<\/li>\n\t\t\t\t\t\t<\/ul>\n\n\t<button class=\"orderable-tabs__arrow orderable-tabs__arrow-left\">\n\t\t<svg xmlns=\"http:\/\/www.w3.org\/2000\/svg\" viewBox=\"0 0 448 512\"><!--! Font Awesome Pro 6.1.1 by @fontawesome - https:\/\/fontawesome.com License - https:\/\/fontawesome.com\/license (Commercial License) Copyright 2022 Fonticons, Inc. -->\n\t\t\t<path d=\"M438.6 278.6l-160 160C272.4 444.9 264.2 448 256 448s-16.38-3.125-22.62-9.375c-12.5-12.5-12.5-32.75 0-45.25L338.8 288H32C14.33 288 .0016 273.7 .0016 256S14.33 224 32 224h306.8l-105.4-105.4c-12.5-12.5-12.5-32.75 0-45.25s32.75-12.5 45.25 0l160 160C451.1 245.9 451.1 266.1 438.6 278.6z\" \/>\n\t\t<\/svg>\n\t<\/button>\n\n\t<button class=\"orderable-tabs__arrow orderable-tabs__arrow-right\">\n\t\t<svg xmlns=\"http:\/\/www.w3.org\/2000\/svg\" viewBox=\"0 0 448 512\"><!--! Font Awesome Pro 6.1.1 by @fontawesome - https:\/\/fontawesome.com License - https:\/\/fontawesome.com\/license (Commercial License) Copyright 2022 Fonticons, Inc. -->\n\t\t\t<path d=\"M438.6 278.6l-160 160C272.4 444.9 264.2 448 256 448s-16.38-3.125-22.62-9.375c-12.5-12.5-12.5-32.75 0-45.25L338.8 288H32C14.33 288 .0016 273.7 .0016 256S14.33 224 32 224h306.8l-105.4-105.4c-12.5-12.5-12.5-32.75 0-45.25s32.75-12.5 45.25 0l160 160C451.1 245.9 451.1 266.1 438.6 278.6z\" \/>\n\t\t<\/svg>\n\t<\/button>\n<\/div>\n\n\t<div class=\"orderable-main__sections\">\n\t\t\t\t\t\n\t\t\t\n\t\t\t<div id=\"category-piknik\" class=\"orderable-main__group\">\n\t\t\t\t\n\t\t\t\t\n<div class=\"orderable-products-list orderable-products-list--grid\">\n\t\t\t<div class=\"orderable-products-list__item\">\n\t\t\t\n\t\t\t\n<div\n\tclass=\"orderable-product orderable-product--view-product\"\n\tdata-orderable-product-id=\"104\"\n\tdata-orderable-product-type=\"simple\"\n\t\t\tdata-orderable-trigger=\"view-product\"\n\t\tdata-orderable-variation-id=\"0\"\n\t\tdata-orderable-variation-attributes=\"\"\n\t>\n\t\n<div class=\"orderable-product__hero\">\n\t\n\t<img loading=\"lazy\" decoding=\"async\" width=\"600\" height=\"600\" src=\"https:\/\/uczapy.sopchydev1.com\/wp-content\/uploads\/2025\/07\/piknik-600x600.webp\" class=\"orderable-product__image\" alt=\"Box Vege\" srcset=\"https:\/\/uczapy.sopchydev1.com\/wp-content\/uploads\/2025\/07\/piknik-600x600.webp 600w, https:\/\/uczapy.sopchydev1.com\/wp-content\/uploads\/2025\/07\/piknik-300x300.webp 300w, https:\/\/uczapy.sopchydev1.com\/wp-content\/uploads\/2025\/07\/piknik-1024x1024.webp 1024w, https:\/\/uczapy.sopchydev1.com\/wp-content\/uploads\/2025\/07\/piknik-150x150.webp 150w, https:\/\/uczapy.sopchydev1.com\/wp-content\/uploads\/2025\/07\/piknik-768x768.webp 768w, https:\/\/uczapy.sopchydev1.com\/wp-content\/uploads\/2025\/07\/piknik-1536x1536.webp 1536w, https:\/\/uczapy.sopchydev1.com\/wp-content\/uploads\/2025\/07\/piknik-100x100.webp 100w, https:\/\/uczapy.sopchydev1.com\/wp-content\/uploads\/2025\/07\/piknik.webp 2048w\" sizes=\"auto, (max-width: 600px) 100vw, 600px\" \/>\n\t<\/div>\t<div class=\"orderable-product__content-wrap\">\n\t\t\n<div class=\"orderable-product__content\">\n\n\t\n\t<h2 class=\"orderable-product__title\">Box Vege<\/h2>\n\n\t\n\t\t\t<p class=\"orderable-product__description\">Tartaletki z warzywami i fet\u0105, wrapy z hummusem, sa\u0142atka z kuskusem i zio\u0142ami. Do tego lemoniada cytrynowo-mi\u0119towa i deser owocowy lub ciasto marchewkowe.\r\n<\/br><\/br>\r\n<strong>Cena zawiera 20 z\u0142 kaucji zwracanej przy zwrocie kosza.<\/strong><\/p>\n\t<\/div>\n\t\t\n\t\t<div\n\t\t\tclass=\"orderable-pro-product-labels__wrapper orderable-pro-product-labels__wrapper--position-before-price orderable-pro-product-labels__wrapper--alignment-left \"\n\t\t>\n\t\t\t\t\t<span class=\"orderable-pro-product-labels__label orderable-pro-product-labels__label--rounded orderable-pro-product-labels__label-vege\" style=\"color:#009b1c;background-color:#deffdb\" title=\"\">\n\t\t\t\t\t\t\t<i class=\"orderable-pro-product-labels__icon  orderable-pro-icons__allegic-vegan-meal-symbol\"><svg xmlns=\"http:\/\/www.w3.org\/2000\/svg\" viewBox=\"0 0 24 24\" height=\"16\" width=\"16\"><path d=\"M23.08.49a.5.5,0,0,0-.5-.46c-.3,0-7.51,0-10,3.08a6.87,6.87,0,0,0-1,8,20.45,20.45,0,0,1,4.7-6.4,1,1,0,0,1,1.41.09,1.08,1.08,0,0,1,.22.44,1,1,0,0,0-.55.24C13.26,9,11.09,14.85,10,18.81c-.13-.82-.29-1.72-.49-2.65C8.38,10.5,6.05,3.29,1.6,1.28a.51.51,0,0,0-.52.06.49.49,0,0,0-.18.48A70.81,70.81,0,0,0,9.17,22.88a1,1,0,0,0,.53.86.5.5,0,0,0,.42.23.4.4,0,0,0,.15,0,.38.38,0,0,0,.21-.13,1,1,0,0,0,.68-.79,38.19,38.19,0,0,1,3.11-10,5.23,5.23,0,0,0,1,.09c2.11,0,4.24-1.26,5.82-3.59C23.49,5.92,23.1.71,23.08.49Z\"><\/path><\/svg><\/i>\t\t\t\n\t\t\t\t\t\t\t<span class=\"orderable-pro-product-labels__text\">\n\t\t\t\t\tVege\t\t\t\t<\/span>\n\t\t\t\t\t<\/span>\n\n\t\t\t\t<\/div>\n\t\t\n<div class=\"orderable-product__actions\">\n\t<div class=\"orderable-product__actions-price\">\n\t\t<span class=\"woocommerce-Price-amount amount\"><bdi>149,00&nbsp;<span class=\"woocommerce-Price-currencySymbol\">&#122;&#322;<\/span><\/bdi><\/span>\t<\/div>\n\t<div class=\"orderable-product__actions-button\">\n\t\t<button class=\"orderable-button orderable-product__add-to-order\" data-orderable-trigger=\"add-to-cart\" data-orderable-product-id=\"104\" data-orderable-product-type=\"simple\" data-orderable-variation-id=\"0\" data-orderable-variation-attributes=\"\" data-quantity=\"1\" data-product_id=\"104\" data-product_sku=\"DEF123\" data-product_name=\"Box Vege\" data-price=\"149\">\n\t\t\t\tDodaj\n\t\t\t\t<span class=\"orderable-product__actions-counter\" data-orderable-product-quantity=\"0\">0<\/span>\n\t\t\t<\/button>\t<\/div>\n<\/div>\n\t<\/div>\n<\/div>\n\t\t<\/div>\n\t\t\t<div class=\"orderable-products-list__item\">\n\t\t\t\n\t\t\t\n<div\n\tclass=\"orderable-product orderable-product--view-product\"\n\tdata-orderable-product-id=\"164\"\n\tdata-orderable-product-type=\"simple\"\n\t\t\tdata-orderable-trigger=\"view-product\"\n\t\tdata-orderable-variation-id=\"0\"\n\t\tdata-orderable-variation-attributes=\"\"\n\t>\n\t\n<div class=\"orderable-product__hero\">\n\t\n\t<img loading=\"lazy\" decoding=\"async\" width=\"600\" height=\"600\" src=\"https:\/\/uczapy.sopchydev1.com\/wp-content\/uploads\/2025\/07\/piknik-600x600.webp\" class=\"orderable-product__image\" alt=\"Box Mi\u0119sny\" srcset=\"https:\/\/uczapy.sopchydev1.com\/wp-content\/uploads\/2025\/07\/piknik-600x600.webp 600w, https:\/\/uczapy.sopchydev1.com\/wp-content\/uploads\/2025\/07\/piknik-300x300.webp 300w, https:\/\/uczapy.sopchydev1.com\/wp-content\/uploads\/2025\/07\/piknik-1024x1024.webp 1024w, https:\/\/uczapy.sopchydev1.com\/wp-content\/uploads\/2025\/07\/piknik-150x150.webp 150w, https:\/\/uczapy.sopchydev1.com\/wp-content\/uploads\/2025\/07\/piknik-768x768.webp 768w, https:\/\/uczapy.sopchydev1.com\/wp-content\/uploads\/2025\/07\/piknik-1536x1536.webp 1536w, https:\/\/uczapy.sopchydev1.com\/wp-content\/uploads\/2025\/07\/piknik-100x100.webp 100w, https:\/\/uczapy.sopchydev1.com\/wp-content\/uploads\/2025\/07\/piknik.webp 2048w\" sizes=\"auto, (max-width: 600px) 100vw, 600px\" \/>\n\t<\/div>\t<div class=\"orderable-product__content-wrap\">\n\t\t\n<div class=\"orderable-product__content\">\n\n\t\n\t<h2 class=\"orderable-product__title\">Box Mi\u0119sny<\/h2>\n\n\t\n\t\t\t<p class=\"orderable-product__description\">Kanapki z rostbefem, szynka dojrzewaj\u0105ca z rukol\u0105, sa\u0142atka ziemniaczana z boczkiem. Lemoniada z granatem i rozmarynem oraz czekoladowe brownie na s\u0142odko.\r\n<\/br><\/br>\r\n<strong>Cena zawiera 20 z\u0142 kaucji zwracanej przy zwrocie kosza.<\/strong><\/p>\n\t<\/div>\n\t\t\n\n<div class=\"orderable-product__actions\">\n\t<div class=\"orderable-product__actions-price\">\n\t\t<span class=\"woocommerce-Price-amount amount\"><bdi>149,00&nbsp;<span class=\"woocommerce-Price-currencySymbol\">&#122;&#322;<\/span><\/bdi><\/span>\t<\/div>\n\t<div class=\"orderable-product__actions-button\">\n\t\t<button class=\"orderable-button orderable-product__add-to-order\" data-orderable-trigger=\"add-to-cart\" data-orderable-product-id=\"164\" data-orderable-product-type=\"simple\" data-orderable-variation-id=\"0\" data-orderable-variation-attributes=\"\" data-quantity=\"1\" data-product_id=\"164\" data-product_sku=\"DEF236\" data-product_name=\"Box Mi\u0119sny\" data-price=\"149\">\n\t\t\t\tDodaj\n\t\t\t\t<span class=\"orderable-product__actions-counter\" data-orderable-product-quantity=\"0\">0<\/span>\n\t\t\t<\/button>\t<\/div>\n<\/div>\n\t<\/div>\n<\/div>\n\t\t<\/div>\n\t\t\t<div class=\"orderable-products-list__item\">\n\t\t\t\n\t\t\t\n<div\n\tclass=\"orderable-product orderable-product--view-product\"\n\tdata-orderable-product-id=\"165\"\n\tdata-orderable-product-type=\"simple\"\n\t\t\tdata-orderable-trigger=\"view-product\"\n\t\tdata-orderable-variation-id=\"0\"\n\t\tdata-orderable-variation-attributes=\"\"\n\t>\n\t\n<div class=\"orderable-product__hero\">\n\t\n\t<img loading=\"lazy\" decoding=\"async\" width=\"600\" height=\"600\" src=\"https:\/\/uczapy.sopchydev1.com\/wp-content\/uploads\/2025\/07\/piknik-1-600x600.webp\" class=\"orderable-product__image\" alt=\"Box Mix\" srcset=\"https:\/\/uczapy.sopchydev1.com\/wp-content\/uploads\/2025\/07\/piknik-1-600x600.webp 600w, https:\/\/uczapy.sopchydev1.com\/wp-content\/uploads\/2025\/07\/piknik-1-1024x1024.webp 1024w, https:\/\/uczapy.sopchydev1.com\/wp-content\/uploads\/2025\/07\/piknik-1-150x150.webp 150w, https:\/\/uczapy.sopchydev1.com\/wp-content\/uploads\/2025\/07\/piknik-1-768x768.webp 768w, https:\/\/uczapy.sopchydev1.com\/wp-content\/uploads\/2025\/07\/piknik-1-1536x1536.webp 1536w, https:\/\/uczapy.sopchydev1.com\/wp-content\/uploads\/2025\/07\/piknik-1-300x300.webp 300w, https:\/\/uczapy.sopchydev1.com\/wp-content\/uploads\/2025\/07\/piknik-1-100x100.webp 100w, https:\/\/uczapy.sopchydev1.com\/wp-content\/uploads\/2025\/07\/piknik-1.webp 2048w\" sizes=\"auto, (max-width: 600px) 100vw, 600px\" \/>\n\t<\/div>\t<div class=\"orderable-product__content-wrap\">\n\t\t\n<div class=\"orderable-product__content\">\n\n\t\n\t<h2 class=\"orderable-product__title\">Box Mix<\/h2>\n\n\t\n\t\t\t<p class=\"orderable-product__description\">Wrapy vege i z kurczakiem tandoori, deska ser\u00f3w i w\u0119dlin, dwie sa\u0142atki \u2013 tabbouleh i z kurczakiem. Do wyboru lemoniada lub herbata mro\u017cona, a na deser panna cotta.\r\n<\/br><\/br>\r\n<strong>Cena zawiera 20 z\u0142 kaucji zwracanej przy zwrocie kosza.<\/strong><\/p>\n\t<\/div>\n\t\t\n\t\t<div\n\t\t\tclass=\"orderable-pro-product-labels__wrapper orderable-pro-product-labels__wrapper--position-before-price orderable-pro-product-labels__wrapper--alignment-left \"\n\t\t>\n\t\t\t\t\t<span class=\"orderable-pro-product-labels__label orderable-pro-product-labels__label--rounded orderable-pro-product-labels__label-bestseller\" style=\"color:#0058d3;background-color:#f4f7ff\" title=\"\">\n\t\t\t\t\t\t\t<i class=\"orderable-pro-product-labels__icon wooicon wooicon-star-full\"><\/i>\t\t\t\n\t\t\t\t\t\t\t<span class=\"orderable-pro-product-labels__text\">\n\t\t\t\t\tBestseller\t\t\t\t<\/span>\n\t\t\t\t\t<\/span>\n\n\t\t\t\t<\/div>\n\t\t\n<div class=\"orderable-product__actions\">\n\t<div class=\"orderable-product__actions-price\">\n\t\t<span class=\"woocommerce-Price-amount amount\"><bdi>149,00&nbsp;<span class=\"woocommerce-Price-currencySymbol\">&#122;&#322;<\/span><\/bdi><\/span>\t<\/div>\n\t<div class=\"orderable-product__actions-button\">\n\t\t<button class=\"orderable-button orderable-product__add-to-order\" data-orderable-trigger=\"add-to-cart\" data-orderable-product-id=\"165\" data-orderable-product-type=\"simple\" data-orderable-variation-id=\"0\" data-orderable-variation-attributes=\"\" data-quantity=\"1\" data-product_id=\"165\" data-product_sku=\"DEF236-1\" data-product_name=\"Box Mix\" data-price=\"149\">\n\t\t\t\tDodaj\n\t\t\t\t<span class=\"orderable-product__actions-counter\" data-orderable-product-quantity=\"0\">0<\/span>\n\t\t\t<\/button>\t<\/div>\n<\/div>\n\t<\/div>\n<\/div>\n\t\t<\/div>\n\t<\/div>\n\n\t\t\t\t\t\t\t<\/div>\n\t\t\t<\/div>\n\n\t<\/div>\n\n<\/div>\n","protected":false},"excerpt":{"rendered":"","protected":false},"author":1,"featured_media":0,"parent":0,"menu_order":0,"comment_status":"closed","ping_status":"closed","template":"","meta":{"footnotes":""},"class_list":["post-160","page","type-page","status-publish","hentry"],"yoast_head":"<!-- This site is optimized with the Yoast SEO plugin v25.5 - https:\/\/yoast.com\/wordpress\/plugins\/seo\/ -->\n<title>Piknik - u Czapy<\/title>\n<meta name=\"robots\" content=\"noindex, follow, max-snippet:-1, max-image-preview:large, max-video-preview:-1\" \/>\n<meta property=\"og:locale\" content=\"pl_PL\" \/>\n<meta property=\"og:type\" content=\"article\" \/>\n<meta property=\"og:title\" content=\"Piknik - u Czapy\" \/>\n<meta property=\"og:url\" content=\"https:\/\/uczapy.sopchydev1.com\/index.php\/piknik\/\" \/>\n<meta property=\"og:site_name\" content=\"u Czapy\" \/>\n<meta property=\"article:publisher\" content=\"https:\/\/www.facebook.com\/UCzapy\/\" \/>\n<meta property=\"article:modified_time\" content=\"2025-07-15T13:44:10+00:00\" \/>\n<meta property=\"og:image\" content=\"https:\/\/uczapy.sopchydev1.com\/wp-content\/uploads\/2025\/07\/uczapy-yoast.png\" \/>\n\t<meta property=\"og:image:width\" content=\"1200\" \/>\n\t<meta property=\"og:image:height\" content=\"675\" \/>\n\t<meta property=\"og:image:type\" content=\"image\/png\" \/>\n<meta name=\"twitter:card\" content=\"summary_large_image\" \/>\n<script type=\"application\/ld+json\" class=\"yoast-schema-graph\">{\"@context\":\"https:\/\/schema.org\",\"@graph\":[{\"@type\":\"WebPage\",\"@id\":\"https:\/\/uczapy.sopchydev1.com\/index.php\/piknik\/\",\"url\":\"https:\/\/uczapy.sopchydev1.com\/index.php\/piknik\/\",\"name\":\"Piknik - u Czapy\",\"isPartOf\":{\"@id\":\"https:\/\/uczapy.sopchydev1.com\/#website\"},\"datePublished\":\"2025-07-15T13:43:01+00:00\",\"dateModified\":\"2025-07-15T13:44:10+00:00\",\"breadcrumb\":{\"@id\":\"https:\/\/uczapy.sopchydev1.com\/index.php\/piknik\/#breadcrumb\"},\"inLanguage\":\"pl-PL\",\"potentialAction\":[{\"@type\":\"ReadAction\",\"target\":[\"https:\/\/uczapy.sopchydev1.com\/index.php\/piknik\/\"]}]},{\"@type\":\"BreadcrumbList\",\"@id\":\"https:\/\/uczapy.sopchydev1.com\/index.php\/piknik\/#breadcrumb\",\"itemListElement\":[{\"@type\":\"ListItem\",\"position\":1,\"name\":\"Strona g\u0142\u00f3wna\",\"item\":\"https:\/\/uczapy.sopchydev1.com\/\"},{\"@type\":\"ListItem\",\"position\":2,\"name\":\"Piknik\"}]},{\"@type\":\"WebSite\",\"@id\":\"https:\/\/uczapy.sopchydev1.com\/#website\",\"url\":\"https:\/\/uczapy.sopchydev1.com\/\",\"name\":\"u Czapy\",\"description\":\"\",\"publisher\":{\"@id\":\"https:\/\/uczapy.sopchydev1.com\/#organization\"},\"potentialAction\":[{\"@type\":\"SearchAction\",\"target\":{\"@type\":\"EntryPoint\",\"urlTemplate\":\"https:\/\/uczapy.sopchydev1.com\/?s={search_term_string}\"},\"query-input\":{\"@type\":\"PropertyValueSpecification\",\"valueRequired\":true,\"valueName\":\"search_term_string\"}}],\"inLanguage\":\"pl-PL\"},{\"@type\":\"Organization\",\"@id\":\"https:\/\/uczapy.sopchydev1.com\/#organization\",\"name\":\"u Czapy\",\"url\":\"https:\/\/uczapy.sopchydev1.com\/\",\"logo\":{\"@type\":\"ImageObject\",\"inLanguage\":\"pl-PL\",\"@id\":\"https:\/\/uczapy.sopchydev1.com\/#\/schema\/logo\/image\/\",\"url\":\"https:\/\/uczapy.sopchydev1.com\/wp-content\/uploads\/2025\/07\/LOGO-krzywe.png\",\"contentUrl\":\"https:\/\/uczapy.sopchydev1.com\/wp-content\/uploads\/2025\/07\/LOGO-krzywe.png\",\"width\":514,\"height\":134,\"caption\":\"u Czapy\"},\"image\":{\"@id\":\"https:\/\/uczapy.sopchydev1.com\/#\/schema\/logo\/image\/\"},\"sameAs\":[\"https:\/\/www.facebook.com\/UCzapy\/\",\"https:\/\/www.instagram.com\/uczapy\/\"]}]}<\/script>\n<!-- \/ Yoast SEO plugin. -->","yoast_head_json":{"title":"Piknik - u Czapy","robots":{"index":"noindex","follow":"follow","max-snippet":"max-snippet:-1","max-image-preview":"max-image-preview:large","max-video-preview":"max-video-preview:-1"},"og_locale":"pl_PL","og_type":"article","og_title":"Piknik - u Czapy","og_url":"https:\/\/uczapy.sopchydev1.com\/index.php\/piknik\/","og_site_name":"u Czapy","article_publisher":"https:\/\/www.facebook.com\/UCzapy\/","article_modified_time":"2025-07-15T13:44:10+00:00","og_image":[{"width":1200,"height":675,"url":"https:\/\/uczapy.sopchydev1.com\/wp-content\/uploads\/2025\/07\/uczapy-yoast.png","type":"image\/png"}],"twitter_card":"summary_large_image","schema":{"@context":"https:\/\/schema.org","@graph":[{"@type":"WebPage","@id":"https:\/\/uczapy.sopchydev1.com\/index.php\/piknik\/","url":"https:\/\/uczapy.sopchydev1.com\/index.php\/piknik\/","name":"Piknik - u Czapy","isPartOf":{"@id":"https:\/\/uczapy.sopchydev1.com\/#website"},"datePublished":"2025-07-15T13:43:01+00:00","dateModified":"2025-07-15T13:44:10+00:00","breadcrumb":{"@id":"https:\/\/uczapy.sopchydev1.com\/index.php\/piknik\/#breadcrumb"},"inLanguage":"pl-PL","potentialAction":[{"@type":"ReadAction","target":["https:\/\/uczapy.sopchydev1.com\/index.php\/piknik\/"]}]},{"@type":"BreadcrumbList","@id":"https:\/\/uczapy.sopchydev1.com\/index.php\/piknik\/#breadcrumb","itemListElement":[{"@type":"ListItem","position":1,"name":"Strona g\u0142\u00f3wna","item":"https:\/\/uczapy.sopchydev1.com\/"},{"@type":"ListItem","position":2,"name":"Piknik"}]},{"@type":"WebSite","@id":"https:\/\/uczapy.sopchydev1.com\/#website","url":"https:\/\/uczapy.sopchydev1.com\/","name":"u Czapy","description":"","publisher":{"@id":"https:\/\/uczapy.sopchydev1.com\/#organization"},"potentialAction":[{"@type":"SearchAction","target":{"@type":"EntryPoint","urlTemplate":"https:\/\/uczapy.sopchydev1.com\/?s={search_term_string}"},"query-input":{"@type":"PropertyValueSpecification","valueRequired":true,"valueName":"search_term_string"}}],"inLanguage":"pl-PL"},{"@type":"Organization","@id":"https:\/\/uczapy.sopchydev1.com\/#organization","name":"u Czapy","url":"https:\/\/uczapy.sopchydev1.com\/","logo":{"@type":"ImageObject","inLanguage":"pl-PL","@id":"https:\/\/uczapy.sopchydev1.com\/#\/schema\/logo\/image\/","url":"https:\/\/uczapy.sopchydev1.com\/wp-content\/uploads\/2025\/07\/LOGO-krzywe.png","contentUrl":"https:\/\/uczapy.sopchydev1.com\/wp-content\/uploads\/2025\/07\/LOGO-krzywe.png","width":514,"height":134,"caption":"u Czapy"},"image":{"@id":"https:\/\/uczapy.sopchydev1.com\/#\/schema\/logo\/image\/"},"sameAs":["https:\/\/www.facebook.com\/UCzapy\/","https:\/\/www.instagram.com\/uczapy\/"]}]}},"_links":{"self":[{"href":"https:\/\/uczapy.sopchydev1.com\/index.php\/wp-json\/wp\/v2\/pages\/160","targetHints":{"allow":["GET"]}}],"collection":[{"href":"https:\/\/uczapy.sopchydev1.com\/index.php\/wp-json\/wp\/v2\/pages"}],"about":[{"href":"https:\/\/uczapy.sopchydev1.com\/index.php\/wp-json\/wp\/v2\/types\/page"}],"author":[{"embeddable":true,"href":"https:\/\/uczapy.sopchydev1.com\/index.php\/wp-json\/wp\/v2\/users\/1"}],"replies":[{"embeddable":true,"href":"https:\/\/uczapy.sopchydev1.com\/index.php\/wp-json\/wp\/v2\/comments?post=160"}],"version-history":[{"count":2,"href":"https:\/\/uczapy.sopchydev1.com\/index.php\/wp-json\/wp\/v2\/pages\/160\/revisions"}],"predecessor-version":[{"id":163,"href":"https:\/\/uczapy.sopchydev1.com\/index.php\/wp-json\/wp\/v2\/pages\/160\/revisions\/163"}],"wp:attachment":[{"href":"https:\/\/uczapy.sopchydev1.com\/index.php\/wp-json\/wp\/v2\/media?parent=160"}],"curies":[{"name":"wp","href":"https:\/\/api.w.org\/{rel}","templated":true}]}}