{"id":71,"date":"2025-07-15T08:39:53","date_gmt":"2025-07-15T06:39:53","guid":{"rendered":"http:\/\/uczapy.sopchydev1.com\/?page_id=71"},"modified":"2025-07-16T14:57:31","modified_gmt":"2025-07-16T12:57:31","slug":"71-2","status":"publish","type":"page","link":"https:\/\/uczapy.sopchydev1.com\/","title":{"rendered":"Menu"},"content":{"rendered":"\n<div class=\"wp-block-group alignwide has-global-padding is-content-justification-left is-layout-constrained wp-container-core-group-is-layout-8b173c85 wp-block-group-is-layout-constrained\" style=\"padding-right:0;padding-left:0\">\n<div class=\"orderable-main  orderable-main--sections-tabs orderable-main--sections-top_tabs\">\n\t\n<div class=\"orderable-main__tabs orderable-tabs\" data-orderable-tabs='{ \"wrapper\": \".orderable-main\", \"sections\": \".orderable-main__group\" }'>\n\t<ul class=\"orderable-tabs__list\">\n\t\t\t\t\t\t\t<li class=\"orderable-tabs__item orderable-tabs__item--active\" role=\"tab\">\n\t\t\t\t<a href=\"#category-pizza\" class=\"orderable-tabs__link\">Pizza<\/a>\n\t\t\t<\/li>\n\t\t\t\t\t\t\t\t<li class=\"orderable-tabs__item\" role=\"tab\">\n\t\t\t\t<a href=\"#category-pasta\" class=\"orderable-tabs__link\">Pasta<\/a>\n\t\t\t<\/li>\n\t\t\t\t\t\t\t\t<li class=\"orderable-tabs__item\" role=\"tab\">\n\t\t\t\t<a href=\"#category-desery\" class=\"orderable-tabs__link\">Desery<\/a>\n\t\t\t<\/li>\n\t\t\t\t\t\t<\/ul>\n\n\t<button class=\"orderable-tabs__arrow orderable-tabs__arrow-left\">\n\t\t<svg xmlns=\"http:\/\/www.w3.org\/2000\/svg\" viewBox=\"0 0 448 512\"><!--! Font Awesome Pro 6.1.1 by @fontawesome - https:\/\/fontawesome.com License - https:\/\/fontawesome.com\/license (Commercial License) Copyright 2022 Fonticons, Inc. -->\n\t\t\t<path d=\"M438.6 278.6l-160 160C272.4 444.9 264.2 448 256 448s-16.38-3.125-22.62-9.375c-12.5-12.5-12.5-32.75 0-45.25L338.8 288H32C14.33 288 .0016 273.7 .0016 256S14.33 224 32 224h306.8l-105.4-105.4c-12.5-12.5-12.5-32.75 0-45.25s32.75-12.5 45.25 0l160 160C451.1 245.9 451.1 266.1 438.6 278.6z\" \/>\n\t\t<\/svg>\n\t<\/button>\n\n\t<button class=\"orderable-tabs__arrow orderable-tabs__arrow-right\">\n\t\t<svg xmlns=\"http:\/\/www.w3.org\/2000\/svg\" viewBox=\"0 0 448 512\"><!--! Font Awesome Pro 6.1.1 by @fontawesome - https:\/\/fontawesome.com License - https:\/\/fontawesome.com\/license (Commercial License) Copyright 2022 Fonticons, Inc. -->\n\t\t\t<path d=\"M438.6 278.6l-160 160C272.4 444.9 264.2 448 256 448s-16.38-3.125-22.62-9.375c-12.5-12.5-12.5-32.75 0-45.25L338.8 288H32C14.33 288 .0016 273.7 .0016 256S14.33 224 32 224h306.8l-105.4-105.4c-12.5-12.5-12.5-32.75 0-45.25s32.75-12.5 45.25 0l160 160C451.1 245.9 451.1 266.1 438.6 278.6z\" \/>\n\t\t<\/svg>\n\t<\/button>\n<\/div>\n\n\t<div class=\"orderable-main__sections\">\n\t\t\t\t\t\n\t\t\t\n\t\t\t<div id=\"category-pizza\" class=\"orderable-main__group\">\n\t\t\t\t\n\t\t\t\t\n<div class=\"orderable-products-list orderable-products-list--grid\">\n\t\t\t<div class=\"orderable-products-list__item\">\n\t\t\t\n\t\t\t\n<div\n\tclass=\"orderable-product orderable-product--add-to-cart\"\n\tdata-orderable-product-id=\"79\"\n\tdata-orderable-product-type=\"simple\"\n\t\t\tdata-orderable-trigger=\"add-to-cart\"\n\t\tdata-orderable-variation-id=\"0\"\n\t\tdata-orderable-variation-attributes=\"\"\n\t>\n\t\n<div class=\"orderable-product__hero\">\n\t\n\t<img loading=\"lazy\" decoding=\"async\" width=\"600\" height=\"800\" src=\"https:\/\/uczapy.sopchydev1.com\/wp-content\/uploads\/2025\/07\/parma.jpg\" class=\"orderable-product__image\" alt=\"Parma\" srcset=\"https:\/\/uczapy.sopchydev1.com\/wp-content\/uploads\/2025\/07\/parma.jpg 600w, https:\/\/uczapy.sopchydev1.com\/wp-content\/uploads\/2025\/07\/parma-450x600.jpg 450w\" sizes=\"auto, (max-width: 600px) 100vw, 600px\" \/>\n\t<\/div>\t<div class=\"orderable-product__content-wrap\">\n\t\t\n<div class=\"orderable-product__content\">\n\n\t\n\t<h2 class=\"orderable-product__title\">Parma<\/h2>\n\n\t\n\t\t\t<p class=\"orderable-product__description\">sos pomidorowy, ser, szynka parme\u0144ska, rukola, pomidorki koktajlowe, grana padano<\/p>\n\t<\/div>\n\t\t\n\n<div class=\"orderable-product__actions\">\n\t<div class=\"orderable-product__actions-price\">\n\t\t<span class=\"woocommerce-Price-amount amount\"><bdi>36,00&nbsp;<span class=\"woocommerce-Price-currencySymbol\">&#122;&#322;<\/span><\/bdi><\/span>\t<\/div>\n\t<div class=\"orderable-product__actions-button\">\n\t\t<button class=\"orderable-button orderable-product__add-to-order\" data-orderable-trigger=\"product-options\" data-orderable-product-id=\"79\" data-orderable-product-type=\"simple\" data-orderable-variation-id=\"0\" data-orderable-variation-attributes=\"\" data-quantity=\"1\" data-product_id=\"79\" data-product_sku=\"ABC234\" data-product_name=\"Parma\" data-price=\"36\">\n\t\t\t\tWybierz\n\t\t\t\t<span class=\"orderable-product__actions-counter\" data-orderable-product-quantity=\"0\">0<\/span>\n\t\t\t<\/button>\t<\/div>\n<\/div>\n\t<\/div>\n<\/div>\n\t\t<\/div>\n\t\t\t<div class=\"orderable-products-list__item\">\n\t\t\t\n\t\t\t\n<div\n\tclass=\"orderable-product orderable-product--add-to-cart\"\n\tdata-orderable-product-id=\"78\"\n\tdata-orderable-product-type=\"simple\"\n\t\t\tdata-orderable-trigger=\"add-to-cart\"\n\t\tdata-orderable-variation-id=\"0\"\n\t\tdata-orderable-variation-attributes=\"\"\n\t>\n\t\n<div class=\"orderable-product__hero\">\n\t\n\t<img loading=\"lazy\" decoding=\"async\" width=\"600\" height=\"800\" src=\"https:\/\/uczapy.sopchydev1.com\/wp-content\/uploads\/2025\/07\/salame-picante.jpg\" class=\"orderable-product__image\" alt=\"Salame picante\" srcset=\"https:\/\/uczapy.sopchydev1.com\/wp-content\/uploads\/2025\/07\/salame-picante.jpg 600w, https:\/\/uczapy.sopchydev1.com\/wp-content\/uploads\/2025\/07\/salame-picante-450x600.jpg 450w\" sizes=\"auto, (max-width: 600px) 100vw, 600px\" \/>\n\t<\/div>\t<div class=\"orderable-product__content-wrap\">\n\t\t\n<div class=\"orderable-product__content\">\n\n\t\n\t<h2 class=\"orderable-product__title\">Salame picante<\/h2>\n\n\t\n\t\t\t<p class=\"orderable-product__description\">sos pomidorowy, ser, pepperoni<\/p>\n\t<\/div>\n\t\t\n\t\t<div\n\t\t\tclass=\"orderable-pro-product-labels__wrapper orderable-pro-product-labels__wrapper--position-before-price orderable-pro-product-labels__wrapper--alignment-left \"\n\t\t>\n\t\t\t\t\t<span class=\"orderable-pro-product-labels__label orderable-pro-product-labels__label--rounded orderable-pro-product-labels__label-spicy\" style=\"color:#ad0000;background-color:#f4e1e1\" title=\"\">\n\t\t\t\t\t\t\t<i class=\"orderable-pro-product-labels__icon  orderable-pro-icons__chilli-jelapeno\"><svg xmlns=\"http:\/\/www.w3.org\/2000\/svg\" viewBox=\"0 0 24 24\" height=\"16\" width=\"16\"><path d=\"M21.46,2.68A1.36,1.36,0,0,0,20,2.89c-.56.63.05,1.49.48,1.81.86.65.81,1.88,0,2.92-2.94-1.45-4.66.19-6.48,1.92a12,12,0,0,1-3.77,2.73,16.42,16.42,0,0,1-6.2.81c-1.62,0-2.79,0-3.41.59a1.33,1.33,0,0,0-.39,1C.18,16.54,4,22,11.33,22a12.09,12.09,0,0,0,11.52-8,5.49,5.49,0,0,0-.16-4.46,10.09,10.09,0,0,0,1.11-3A3.45,3.45,0,0,0,21.46,2.68ZM10.11,17.43a.74.74,0,0,1,.88-.59c2.21.44,4.13.49,7-3.12a.74.74,0,0,1,1-.12.75.75,0,0,1,.12,1.05c-2.49,3.12-4.52,3.9-6.42,3.9a10.93,10.93,0,0,1-2.06-.24A.75.75,0,0,1,10.11,17.43Z\"><\/path><\/svg><\/i>\t\t\t\n\t\t\t\t\t\t\t<span class=\"orderable-pro-product-labels__text\">\n\t\t\t\t\tSpicy\t\t\t\t<\/span>\n\t\t\t\t\t<\/span>\n\n\t\t\t\t<\/div>\n\t\t\n<div class=\"orderable-product__actions\">\n\t<div class=\"orderable-product__actions-price\">\n\t\t<span class=\"woocommerce-Price-amount amount\"><bdi>32,00&nbsp;<span class=\"woocommerce-Price-currencySymbol\">&#122;&#322;<\/span><\/bdi><\/span>\t<\/div>\n\t<div class=\"orderable-product__actions-button\">\n\t\t<button class=\"orderable-button orderable-product__add-to-order\" data-orderable-trigger=\"product-options\" data-orderable-product-id=\"78\" data-orderable-product-type=\"simple\" data-orderable-variation-id=\"0\" data-orderable-variation-attributes=\"\" data-quantity=\"1\" data-product_id=\"78\" data-product_sku=\"ABC123-1\" data-product_name=\"Salame picante\" data-price=\"32\">\n\t\t\t\tWybierz\n\t\t\t\t<span class=\"orderable-product__actions-counter\" data-orderable-product-quantity=\"0\">0<\/span>\n\t\t\t<\/button>\t<\/div>\n<\/div>\n\t<\/div>\n<\/div>\n\t\t<\/div>\n\t<\/div>\n\n\t\t\t\t\t\t\t<\/div>\n\t\t\t\t\t\n\t\t\t\n\t\t\t<div id=\"category-pasta\" class=\"orderable-main__group\">\n\t\t\t\t\n\t\t\t\t\n<div class=\"orderable-products-list orderable-products-list--grid\">\n\t\t\t<div class=\"orderable-products-list__item\">\n\t\t\t\n\t\t\t\n<div\n\tclass=\"orderable-product orderable-product--add-to-cart\"\n\tdata-orderable-product-id=\"80\"\n\tdata-orderable-product-type=\"simple\"\n\t\t\tdata-orderable-trigger=\"add-to-cart\"\n\t\tdata-orderable-variation-id=\"0\"\n\t\tdata-orderable-variation-attributes=\"\"\n\t>\n\t\n<div class=\"orderable-product__hero\">\n\t\n\t<img loading=\"lazy\" decoding=\"async\" width=\"600\" height=\"900\" src=\"https:\/\/uczapy.sopchydev1.com\/wp-content\/uploads\/2025\/07\/carbonara.jpg\" class=\"orderable-product__image\" alt=\"Carbonara\" srcset=\"https:\/\/uczapy.sopchydev1.com\/wp-content\/uploads\/2025\/07\/carbonara.jpg 600w, https:\/\/uczapy.sopchydev1.com\/wp-content\/uploads\/2025\/07\/carbonara-400x600.jpg 400w\" sizes=\"auto, (max-width: 600px) 100vw, 600px\" \/>\n\t<\/div>\t<div class=\"orderable-product__content-wrap\">\n\t\t\n<div class=\"orderable-product__content\">\n\n\t\n\t<h2 class=\"orderable-product__title\">Carbonara<\/h2>\n\n\t\n\t\t\t<p class=\"orderable-product__description\">Klasyczne w\u0142oskie danie z makaronu spaghetti, przygotowane z kremowym sosem na bazie jajek, sera Pecorino Romano, chrupi\u0105cego guanciale i \u015bwie\u017co mielonego pieprzu<\/p>\n\t<\/div>\n\t\t\n\n<div class=\"orderable-product__actions\">\n\t<div class=\"orderable-product__actions-price\">\n\t\t<span class=\"woocommerce-Price-amount amount\"><bdi>39,00&nbsp;<span class=\"woocommerce-Price-currencySymbol\">&#122;&#322;<\/span><\/bdi><\/span>\t<\/div>\n\t<div class=\"orderable-product__actions-button\">\n\t\t<button class=\"orderable-button orderable-product__add-to-order\" data-orderable-trigger=\"product-options\" data-orderable-product-id=\"80\" data-orderable-product-type=\"simple\" data-orderable-variation-id=\"0\" data-orderable-variation-attributes=\"\" data-quantity=\"1\" data-product_id=\"80\" data-product_sku=\"BCD234\" data-product_name=\"Carbonara\" data-price=\"39\">\n\t\t\t\tWybierz\n\t\t\t\t<span class=\"orderable-product__actions-counter\" data-orderable-product-quantity=\"0\">0<\/span>\n\t\t\t<\/button>\t<\/div>\n<\/div>\n\t<\/div>\n<\/div>\n\t\t<\/div>\n\t<\/div>\n\n\t\t\t\t\t\t\t<\/div>\n\t\t\t\t\t\n\t\t\t\n\t\t\t<div id=\"category-desery\" class=\"orderable-main__group\">\n\t\t\t\t\n\t\t\t\t\n<div class=\"orderable-products-list orderable-products-list--grid\">\n\t\t\t<div class=\"orderable-products-list__item\">\n\t\t\t\n\t\t\t\n<div\n\tclass=\"orderable-product orderable-product--add-to-cart\"\n\tdata-orderable-product-id=\"346\"\n\tdata-orderable-product-type=\"simple\"\n\t\t\tdata-orderable-trigger=\"add-to-cart\"\n\t\tdata-orderable-variation-id=\"0\"\n\t\tdata-orderable-variation-attributes=\"\"\n\t>\n\t\n<div class=\"orderable-product__hero\">\n\t\n\t<img loading=\"lazy\" decoding=\"async\" width=\"600\" height=\"900\" src=\"https:\/\/uczapy.sopchydev1.com\/wp-content\/uploads\/2025\/07\/szarlotka.jpg\" class=\"orderable-product__image\" alt=\"Szarlotka\" srcset=\"https:\/\/uczapy.sopchydev1.com\/wp-content\/uploads\/2025\/07\/szarlotka.jpg 600w, https:\/\/uczapy.sopchydev1.com\/wp-content\/uploads\/2025\/07\/szarlotka-400x600.jpg 400w\" sizes=\"auto, (max-width: 600px) 100vw, 600px\" \/>\n\t<\/div>\t<div class=\"orderable-product__content-wrap\">\n\t\t\n<div class=\"orderable-product__content\">\n\n\t\n\t<h2 class=\"orderable-product__title\">Szarlotka<\/h2>\n\n\t\n\t\t\t<p class=\"orderable-product__description\">Klasyczne polskie ciasto z kruchym spodem, wype\u0142nione soczystymi jab\u0142kami z cynamonem, delikatnie zapieczone na z\u0142oty kolor i cz\u0119sto podawane z cukrem pudrem lub ga\u0142k\u0105 lod\u00f3w waniliowych.<\/p>\n\t<\/div>\n\t\t\n\n<div class=\"orderable-product__actions\">\n\t<div class=\"orderable-product__actions-price\">\n\t\t<span class=\"woocommerce-Price-amount amount\"><bdi>19,00&nbsp;<span class=\"woocommerce-Price-currencySymbol\">&#122;&#322;<\/span><\/bdi><\/span>\t<\/div>\n\t<div class=\"orderable-product__actions-button\">\n\t\t<button class=\"orderable-button orderable-product__add-to-order\" data-orderable-trigger=\"add-to-cart\" data-orderable-product-id=\"346\" data-orderable-product-type=\"simple\" data-orderable-variation-id=\"0\" data-orderable-variation-attributes=\"\" data-quantity=\"1\" data-product_id=\"346\" data-product_sku=\"\" data-product_name=\"Szarlotka\" data-price=\"19\">\n\t\t\t\tDodaj\n\t\t\t\t<span class=\"orderable-product__actions-counter\" data-orderable-product-quantity=\"0\">0<\/span>\n\t\t\t<\/button>\t<\/div>\n<\/div>\n\t<\/div>\n<\/div>\n\t\t<\/div>\n\t\t\t<div class=\"orderable-products-list__item\">\n\t\t\t\n\t\t\t\n<div\n\tclass=\"orderable-product orderable-product--add-to-cart\"\n\tdata-orderable-product-id=\"347\"\n\tdata-orderable-product-type=\"simple\"\n\t\t\tdata-orderable-trigger=\"add-to-cart\"\n\t\tdata-orderable-variation-id=\"0\"\n\t\tdata-orderable-variation-attributes=\"\"\n\t>\n\t\n<div class=\"orderable-product__hero\">\n\t\n\t<img loading=\"lazy\" decoding=\"async\" width=\"600\" height=\"900\" src=\"https:\/\/uczapy.sopchydev1.com\/wp-content\/uploads\/2025\/07\/tiramisu.jpg\" class=\"orderable-product__image\" alt=\"Tiramisu\" srcset=\"https:\/\/uczapy.sopchydev1.com\/wp-content\/uploads\/2025\/07\/tiramisu.jpg 600w, https:\/\/uczapy.sopchydev1.com\/wp-content\/uploads\/2025\/07\/tiramisu-400x600.jpg 400w\" sizes=\"auto, (max-width: 600px) 100vw, 600px\" \/>\n\t<\/div>\t<div class=\"orderable-product__content-wrap\">\n\t\t\n<div class=\"orderable-product__content\">\n\n\t\n\t<h2 class=\"orderable-product__title\">Tiramisu<\/h2>\n\n\t\n\t\t\t<p class=\"orderable-product__description\">Klasyczny w\u0142oski deser na bazie warstw delikatnych biszkopt\u00f3w nas\u0105czonych espresso i likierem amaretto, prze\u0142o\u017conych aksamitnym kremem z mascarpone i jajek, wyko\u0144czony gorzkim kakao dla idealnej r\u00f3wnowagi smak\u00f3w.<\/p>\n\t<\/div>\n\t\t\n\n<div class=\"orderable-product__actions\">\n\t<div class=\"orderable-product__actions-price\">\n\t\t<span class=\"woocommerce-Price-amount amount\"><bdi>21,00&nbsp;<span class=\"woocommerce-Price-currencySymbol\">&#122;&#322;<\/span><\/bdi><\/span>\t<\/div>\n\t<div class=\"orderable-product__actions-button\">\n\t\t<button class=\"orderable-button orderable-product__add-to-order\" data-orderable-trigger=\"add-to-cart\" data-orderable-product-id=\"347\" data-orderable-product-type=\"simple\" data-orderable-variation-id=\"0\" data-orderable-variation-attributes=\"\" data-quantity=\"1\" data-product_id=\"347\" data-product_sku=\"\" data-product_name=\"Tiramisu\" data-price=\"21\">\n\t\t\t\tDodaj\n\t\t\t\t<span class=\"orderable-product__actions-counter\" data-orderable-product-quantity=\"0\">0<\/span>\n\t\t\t<\/button>\t<\/div>\n<\/div>\n\t<\/div>\n<\/div>\n\t\t<\/div>\n\t<\/div>\n\n\t\t\t\t\t\t\t<\/div>\n\t\t\t<\/div>\n\n\t<\/div>\n\n<\/div>\n","protected":false},"excerpt":{"rendered":"","protected":false},"author":1,"featured_media":0,"parent":0,"menu_order":0,"comment_status":"closed","ping_status":"closed","template":"","meta":{"footnotes":""},"class_list":["post-71","page","type-page","status-publish","hentry"],"yoast_head":"<!-- This site is optimized with the Yoast SEO plugin v25.5 - https:\/\/yoast.com\/wordpress\/plugins\/seo\/ -->\n<title>Menu - u Czapy<\/title>\n<meta name=\"robots\" content=\"noindex, follow, max-snippet:-1, max-image-preview:large, max-video-preview:-1\" \/>\n<meta property=\"og:locale\" content=\"pl_PL\" \/>\n<meta property=\"og:type\" content=\"article\" \/>\n<meta property=\"og:title\" content=\"Menu - u Czapy\" \/>\n<meta property=\"og:url\" content=\"https:\/\/uczapy.sopchydev1.com\/\" \/>\n<meta property=\"og:site_name\" content=\"u Czapy\" \/>\n<meta property=\"article:publisher\" content=\"https:\/\/www.facebook.com\/UCzapy\/\" \/>\n<meta property=\"article:modified_time\" content=\"2025-07-16T12:57:31+00:00\" \/>\n<meta property=\"og:image\" content=\"https:\/\/uczapy.sopchydev1.com\/wp-content\/uploads\/2025\/07\/uczapy-yoast.png\" \/>\n\t<meta property=\"og:image:width\" content=\"1200\" \/>\n\t<meta property=\"og:image:height\" content=\"675\" \/>\n\t<meta property=\"og:image:type\" content=\"image\/png\" \/>\n<meta name=\"twitter:card\" content=\"summary_large_image\" \/>\n<script type=\"application\/ld+json\" class=\"yoast-schema-graph\">{\"@context\":\"https:\/\/schema.org\",\"@graph\":[{\"@type\":\"WebPage\",\"@id\":\"https:\/\/uczapy.sopchydev1.com\/\",\"url\":\"https:\/\/uczapy.sopchydev1.com\/\",\"name\":\"Menu - u Czapy\",\"isPartOf\":{\"@id\":\"https:\/\/uczapy.sopchydev1.com\/#website\"},\"datePublished\":\"2025-07-15T06:39:53+00:00\",\"dateModified\":\"2025-07-16T12:57:31+00:00\",\"breadcrumb\":{\"@id\":\"https:\/\/uczapy.sopchydev1.com\/#breadcrumb\"},\"inLanguage\":\"pl-PL\",\"potentialAction\":[{\"@type\":\"ReadAction\",\"target\":[\"https:\/\/uczapy.sopchydev1.com\/\"]}]},{\"@type\":\"BreadcrumbList\",\"@id\":\"https:\/\/uczapy.sopchydev1.com\/#breadcrumb\",\"itemListElement\":[{\"@type\":\"ListItem\",\"position\":1,\"name\":\"Strona g\u0142\u00f3wna\",\"item\":\"https:\/\/uczapy.sopchydev1.com\/\"},{\"@type\":\"ListItem\",\"position\":2,\"name\":\"Menu\"}]},{\"@type\":\"WebSite\",\"@id\":\"https:\/\/uczapy.sopchydev1.com\/#website\",\"url\":\"https:\/\/uczapy.sopchydev1.com\/\",\"name\":\"u Czapy\",\"description\":\"\",\"publisher\":{\"@id\":\"https:\/\/uczapy.sopchydev1.com\/#organization\"},\"potentialAction\":[{\"@type\":\"SearchAction\",\"target\":{\"@type\":\"EntryPoint\",\"urlTemplate\":\"https:\/\/uczapy.sopchydev1.com\/?s={search_term_string}\"},\"query-input\":{\"@type\":\"PropertyValueSpecification\",\"valueRequired\":true,\"valueName\":\"search_term_string\"}}],\"inLanguage\":\"pl-PL\"},{\"@type\":\"Organization\",\"@id\":\"https:\/\/uczapy.sopchydev1.com\/#organization\",\"name\":\"u Czapy\",\"url\":\"https:\/\/uczapy.sopchydev1.com\/\",\"logo\":{\"@type\":\"ImageObject\",\"inLanguage\":\"pl-PL\",\"@id\":\"https:\/\/uczapy.sopchydev1.com\/#\/schema\/logo\/image\/\",\"url\":\"https:\/\/uczapy.sopchydev1.com\/wp-content\/uploads\/2025\/07\/LOGO-krzywe.png\",\"contentUrl\":\"https:\/\/uczapy.sopchydev1.com\/wp-content\/uploads\/2025\/07\/LOGO-krzywe.png\",\"width\":514,\"height\":134,\"caption\":\"u Czapy\"},\"image\":{\"@id\":\"https:\/\/uczapy.sopchydev1.com\/#\/schema\/logo\/image\/\"},\"sameAs\":[\"https:\/\/www.facebook.com\/UCzapy\/\",\"https:\/\/www.instagram.com\/uczapy\/\"]}]}<\/script>\n<!-- \/ Yoast SEO plugin. -->","yoast_head_json":{"title":"Menu - u Czapy","robots":{"index":"noindex","follow":"follow","max-snippet":"max-snippet:-1","max-image-preview":"max-image-preview:large","max-video-preview":"max-video-preview:-1"},"og_locale":"pl_PL","og_type":"article","og_title":"Menu - u Czapy","og_url":"https:\/\/uczapy.sopchydev1.com\/","og_site_name":"u Czapy","article_publisher":"https:\/\/www.facebook.com\/UCzapy\/","article_modified_time":"2025-07-16T12:57:31+00:00","og_image":[{"width":1200,"height":675,"url":"https:\/\/uczapy.sopchydev1.com\/wp-content\/uploads\/2025\/07\/uczapy-yoast.png","type":"image\/png"}],"twitter_card":"summary_large_image","schema":{"@context":"https:\/\/schema.org","@graph":[{"@type":"WebPage","@id":"https:\/\/uczapy.sopchydev1.com\/","url":"https:\/\/uczapy.sopchydev1.com\/","name":"Menu - u Czapy","isPartOf":{"@id":"https:\/\/uczapy.sopchydev1.com\/#website"},"datePublished":"2025-07-15T06:39:53+00:00","dateModified":"2025-07-16T12:57:31+00:00","breadcrumb":{"@id":"https:\/\/uczapy.sopchydev1.com\/#breadcrumb"},"inLanguage":"pl-PL","potentialAction":[{"@type":"ReadAction","target":["https:\/\/uczapy.sopchydev1.com\/"]}]},{"@type":"BreadcrumbList","@id":"https:\/\/uczapy.sopchydev1.com\/#breadcrumb","itemListElement":[{"@type":"ListItem","position":1,"name":"Strona g\u0142\u00f3wna","item":"https:\/\/uczapy.sopchydev1.com\/"},{"@type":"ListItem","position":2,"name":"Menu"}]},{"@type":"WebSite","@id":"https:\/\/uczapy.sopchydev1.com\/#website","url":"https:\/\/uczapy.sopchydev1.com\/","name":"u Czapy","description":"","publisher":{"@id":"https:\/\/uczapy.sopchydev1.com\/#organization"},"potentialAction":[{"@type":"SearchAction","target":{"@type":"EntryPoint","urlTemplate":"https:\/\/uczapy.sopchydev1.com\/?s={search_term_string}"},"query-input":{"@type":"PropertyValueSpecification","valueRequired":true,"valueName":"search_term_string"}}],"inLanguage":"pl-PL"},{"@type":"Organization","@id":"https:\/\/uczapy.sopchydev1.com\/#organization","name":"u Czapy","url":"https:\/\/uczapy.sopchydev1.com\/","logo":{"@type":"ImageObject","inLanguage":"pl-PL","@id":"https:\/\/uczapy.sopchydev1.com\/#\/schema\/logo\/image\/","url":"https:\/\/uczapy.sopchydev1.com\/wp-content\/uploads\/2025\/07\/LOGO-krzywe.png","contentUrl":"https:\/\/uczapy.sopchydev1.com\/wp-content\/uploads\/2025\/07\/LOGO-krzywe.png","width":514,"height":134,"caption":"u Czapy"},"image":{"@id":"https:\/\/uczapy.sopchydev1.com\/#\/schema\/logo\/image\/"},"sameAs":["https:\/\/www.facebook.com\/UCzapy\/","https:\/\/www.instagram.com\/uczapy\/"]}]}},"_links":{"self":[{"href":"https:\/\/uczapy.sopchydev1.com\/index.php\/wp-json\/wp\/v2\/pages\/71","targetHints":{"allow":["GET"]}}],"collection":[{"href":"https:\/\/uczapy.sopchydev1.com\/index.php\/wp-json\/wp\/v2\/pages"}],"about":[{"href":"https:\/\/uczapy.sopchydev1.com\/index.php\/wp-json\/wp\/v2\/types\/page"}],"author":[{"embeddable":true,"href":"https:\/\/uczapy.sopchydev1.com\/index.php\/wp-json\/wp\/v2\/users\/1"}],"replies":[{"embeddable":true,"href":"https:\/\/uczapy.sopchydev1.com\/index.php\/wp-json\/wp\/v2\/comments?post=71"}],"version-history":[{"count":7,"href":"https:\/\/uczapy.sopchydev1.com\/index.php\/wp-json\/wp\/v2\/pages\/71\/revisions"}],"predecessor-version":[{"id":113,"href":"https:\/\/uczapy.sopchydev1.com\/index.php\/wp-json\/wp\/v2\/pages\/71\/revisions\/113"}],"wp:attachment":[{"href":"https:\/\/uczapy.sopchydev1.com\/index.php\/wp-json\/wp\/v2\/media?parent=71"}],"curies":[{"name":"wp","href":"https:\/\/api.w.org\/{rel}","templated":true}]}}